{"id":14,"date":"2020-03-22T13:53:46","date_gmt":"2020-03-22T13:53:46","guid":{"rendered":"https:\/\/templates.hostlix.pl\/projektowanie-wnetrz\/?page_id=14"},"modified":"2020-03-30T19:27:21","modified_gmt":"2020-03-30T19:27:21","slug":"poznaj-nas","status":"publish","type":"page","link":"https:\/\/templates.hostlix.pl\/projektowanie-wnetrz\/poznaj-nas\/","title":{"rendered":"Poznaj Nas"},"content":{"rendered":"\t\t<div data-elementor-type=\"wp-page\" data-elementor-id=\"14\" class=\"elementor elementor-14\" data-elementor-post-type=\"page\">\n\t\t\t\t\t\t<section class=\"elementor-section elementor-top-section elementor-element elementor-element-05b2c00 elementor-section-boxed elementor-section-height-default elementor-section-height-default\" data-id=\"05b2c00\" data-element_type=\"section\" data-e-type=\"section\" data-settings=\"{&quot;background_background&quot;:&quot;classic&quot;}\">\n\t\t\t\t\t\t<div class=\"elementor-container elementor-column-gap-default\">\n\t\t\t\t\t<div class=\"elementor-column elementor-col-100 elementor-top-column elementor-element elementor-element-7317c04\" data-id=\"7317c04\" data-element_type=\"column\" data-e-type=\"column\">\n\t\t\t<div class=\"elementor-widget-wrap elementor-element-populated\">\n\t\t\t\t\t\t<div class=\"elementor-element elementor-element-68e5aa3 elementor-invisible elementor-widget elementor-widget-bdt-advanced-heading\" data-id=\"68e5aa3\" data-element_type=\"widget\" data-e-type=\"widget\" data-settings=\"{&quot;_animation&quot;:&quot;fadeInUp&quot;}\" data-widget_type=\"bdt-advanced-heading.default\">\n\t\t\t\t<div class=\"elementor-widget-container\">\n\t\t\t\t\t<div id =\"68e5aa3\" class=\"bdt-ep-advanced-heading\" data-settings=\"{&quot;titleMultiColor&quot;:&quot;no&quot;}\"><div class=\"bdt-ep-advanced-heading-content bdt-visible@m\"><div class=\"bdt-transform-origin-top-left\">Studio Colors<\/div><\/div><h1 class=\"bdt-ep-advanced-heading-title\"><span class=\"bdt-ep-advanced-heading-main-title\"><span class=\"bdt-ep-advanced-heading-main-title-inner\">O firmie<\/span><\/span><\/h1><\/div>\t\t\t\t<\/div>\n\t\t\t\t<\/div>\n\t\t\t\t\t<\/div>\n\t\t<\/div>\n\t\t\t\t\t<\/div>\n\t\t<\/section>\n\t\t\t\t<section class=\"elementor-section elementor-top-section elementor-element elementor-element-2f89afd elementor-section-boxed elementor-section-height-default elementor-section-height-default\" data-id=\"2f89afd\" data-element_type=\"section\" data-e-type=\"section\">\n\t\t\t\t\t\t<div class=\"elementor-container elementor-column-gap-default\">\n\t\t\t\t\t<div class=\"elementor-column elementor-col-100 elementor-top-column elementor-element elementor-element-f1d974d\" data-id=\"f1d974d\" data-element_type=\"column\" data-e-type=\"column\">\n\t\t\t<div class=\"elementor-widget-wrap elementor-element-populated\">\n\t\t\t\t\t\t<div class=\"elementor-element elementor-element-17055b9 elementor-widget elementor-widget-image\" data-id=\"17055b9\" data-element_type=\"widget\" data-e-type=\"widget\" data-settings=\"{&quot;motion_fx_motion_fx_scrolling&quot;:&quot;yes&quot;,&quot;motion_fx_scale_effect&quot;:&quot;yes&quot;,&quot;motion_fx_scale_direction&quot;:&quot;in-out&quot;,&quot;motion_fx_scale_speed&quot;:{&quot;unit&quot;:&quot;px&quot;,&quot;size&quot;:-1.5,&quot;sizes&quot;:[]},&quot;motion_fx_scale_range&quot;:{&quot;unit&quot;:&quot;%&quot;,&quot;size&quot;:&quot;&quot;,&quot;sizes&quot;:{&quot;start&quot;:20,&quot;end&quot;:80}},&quot;motion_fx_devices&quot;:[&quot;desktop&quot;,&quot;tablet&quot;,&quot;mobile&quot;]}\" data-widget_type=\"image.default\">\n\t\t\t\t<div class=\"elementor-widget-container\">\n\t\t\t\t\t\t\t\t\t\t\t\t\t\t\t<img fetchpriority=\"high\" decoding=\"async\" width=\"800\" height=\"412\" src=\"https:\/\/templates.hostlix.pl\/projektowanie-wnetrz\/wp-content\/uploads\/2020\/03\/o-firmie-katalog-studio-colors-2.jpg\" class=\"attachment-large size-large wp-image-302\" alt=\"katalog studio colors\" srcset=\"https:\/\/templates.hostlix.pl\/projektowanie-wnetrz\/wp-content\/uploads\/2020\/03\/o-firmie-katalog-studio-colors-2.jpg 900w, https:\/\/templates.hostlix.pl\/projektowanie-wnetrz\/wp-content\/uploads\/2020\/03\/o-firmie-katalog-studio-colors-2-300x154.jpg 300w, https:\/\/templates.hostlix.pl\/projektowanie-wnetrz\/wp-content\/uploads\/2020\/03\/o-firmie-katalog-studio-colors-2-768x395.jpg 768w\" sizes=\"(max-width: 800px) 100vw, 800px\" \/>\t\t\t\t\t\t\t\t\t\t\t\t\t\t\t<\/div>\n\t\t\t\t<\/div>\n\t\t\t\t<div class=\"elementor-element elementor-element-91e8d37 elementor-widget elementor-widget-heading\" data-id=\"91e8d37\" data-element_type=\"widget\" data-e-type=\"widget\" data-widget_type=\"heading.default\">\n\t\t\t\t<div class=\"elementor-widget-container\">\n\t\t\t\t\t<h2 class=\"elementor-heading-title elementor-size-default\">Kreatywne i stylowe pomys\u0142y<\/h2>\t\t\t\t<\/div>\n\t\t\t\t<\/div>\n\t\t\t\t<div class=\"elementor-element elementor-element-a1e1ec4 elementor-widget elementor-widget-text-editor\" data-id=\"a1e1ec4\" data-element_type=\"widget\" data-e-type=\"widget\" data-widget_type=\"text-editor.default\">\n\t\t\t\t<div class=\"elementor-widget-container\">\n\t\t\t\t\t\t\t\t\t<div class=\"elementor-element elementor-element-9f19ddb elementor-widget elementor-widget-text-editor\" data-id=\"9f19ddb\" data-element_type=\"widget\" data-widget_type=\"text-editor.default\"><div class=\"elementor-widget-container\"><div class=\"elementor-text-editor elementor-clearfix\"><p><span style=\"color: #000000;\">Z rado\u015bci\u0105 witam Pa\u0144stwa w Studio Colors, gdzie dostarczamy inspiruj\u0105ce aran\u017cacje wn\u0119trz, zaprojektowane na najwy\u017cszym poziomie. Nasze pomys\u0142y odzwierciedl\u0105 Tw\u00f3j styl, w pe\u0142ni wykorzystuj\u0105c powierzchni\u0119 mieszkaniow\u0105.<\/span><\/p><\/div><\/div><\/div><div class=\"elementor-element elementor-element-ffdc1c3 elementor-widget elementor-widget-heading\" data-id=\"ffdc1c3\" data-element_type=\"widget\" data-widget_type=\"heading.default\"><div class=\"elementor-widget-container\"><h4 class=\"elementor-heading-title elementor-size-default\"><span style=\"color: #000000;\">Pozw\u00f3l, \u017ce spe\u0142nimy Twoje marzenia!<\/span><\/h4><\/div><\/div>\t\t\t\t\t\t\t\t<\/div>\n\t\t\t\t<\/div>\n\t\t\t\t\t<\/div>\n\t\t<\/div>\n\t\t\t\t\t<\/div>\n\t\t<\/section>\n\t\t\t\t<section class=\"elementor-section elementor-top-section elementor-element elementor-element-608c42d elementor-section-boxed elementor-section-height-default elementor-section-height-default\" data-id=\"608c42d\" data-element_type=\"section\" data-e-type=\"section\" data-settings=\"{&quot;background_background&quot;:&quot;classic&quot;}\">\n\t\t\t\t\t\t<div class=\"elementor-container elementor-column-gap-default\">\n\t\t\t\t\t<div class=\"elementor-column elementor-col-33 elementor-top-column elementor-element elementor-element-a26f4a2 animated-slow elementor-invisible\" data-id=\"a26f4a2\" data-element_type=\"column\" data-e-type=\"column\" data-settings=\"{&quot;animation&quot;:&quot;fadeInRight&quot;,&quot;animation_mobile&quot;:&quot;none&quot;}\">\n\t\t\t<div class=\"elementor-widget-wrap elementor-element-populated\">\n\t\t\t\t\t\t<div class=\"elementor-element elementor-element-e4038e1 elementor-widget elementor-widget-image\" data-id=\"e4038e1\" data-element_type=\"widget\" data-e-type=\"widget\" data-widget_type=\"image.default\">\n\t\t\t\t<div class=\"elementor-widget-container\">\n\t\t\t\t\t\t\t\t\t\t\t\t\t\t\t<img decoding=\"async\" width=\"522\" height=\"699\" src=\"https:\/\/templates.hostlix.pl\/projektowanie-wnetrz\/wp-content\/uploads\/2020\/03\/studio-colors-frame-2.png\" class=\"attachment-large size-large wp-image-239\" alt=\"studio colors\" srcset=\"https:\/\/templates.hostlix.pl\/projektowanie-wnetrz\/wp-content\/uploads\/2020\/03\/studio-colors-frame-2.png 522w, https:\/\/templates.hostlix.pl\/projektowanie-wnetrz\/wp-content\/uploads\/2020\/03\/studio-colors-frame-2-224x300.png 224w\" sizes=\"(max-width: 522px) 100vw, 522px\" \/>\t\t\t\t\t\t\t\t\t\t\t\t\t\t\t<\/div>\n\t\t\t\t<\/div>\n\t\t\t\t\t<\/div>\n\t\t<\/div>\n\t\t\t\t<div class=\"elementor-column elementor-col-33 elementor-top-column elementor-element elementor-element-b62adc1 animated-slow elementor-invisible\" data-id=\"b62adc1\" data-element_type=\"column\" data-e-type=\"column\" data-settings=\"{&quot;motion_fx_motion_fx_scrolling&quot;:&quot;yes&quot;,&quot;motion_fx_translateY_effect&quot;:&quot;yes&quot;,&quot;motion_fx_translateY_direction&quot;:&quot;negative&quot;,&quot;motion_fx_translateY_speed&quot;:{&quot;unit&quot;:&quot;px&quot;,&quot;size&quot;:1,&quot;sizes&quot;:[]},&quot;motion_fx_devices&quot;:[&quot;desktop&quot;,&quot;tablet&quot;],&quot;animation&quot;:&quot;fadeIn&quot;,&quot;animation_delay&quot;:800,&quot;motion_fx_translateY_affectedRange&quot;:{&quot;unit&quot;:&quot;%&quot;,&quot;size&quot;:&quot;&quot;,&quot;sizes&quot;:{&quot;start&quot;:0,&quot;end&quot;:100}}}\">\n\t\t\t<div class=\"elementor-widget-wrap elementor-element-populated\">\n\t\t\t\t\t\t<div class=\"elementor-element elementor-element-6b9d13e elementor-widget elementor-widget-heading\" data-id=\"6b9d13e\" data-element_type=\"widget\" data-e-type=\"widget\" data-widget_type=\"heading.default\">\n\t\t\t\t<div class=\"elementor-widget-container\">\n\t\t\t\t\t<h2 class=\"elementor-heading-title elementor-size-default\">Nasza historia<\/h2>\t\t\t\t<\/div>\n\t\t\t\t<\/div>\n\t\t\t\t<div class=\"elementor-element elementor-element-aef3dae elementor-widget elementor-widget-text-editor\" data-id=\"aef3dae\" data-element_type=\"widget\" data-e-type=\"widget\" data-widget_type=\"text-editor.default\">\n\t\t\t\t<div class=\"elementor-widget-container\">\n\t\t\t\t\t\t\t\t\t<p>Lorem ipsum dolor sit amet, consectetur adipiscing elit. Nam at nibh in libero efficitur fermentum eu eget leo. Suspendisse volutpat vitae tortor sed aliquet. Donec placerat ac enim ut laoreet. Sed quis nulla turpis. Pellentesque hendrerit sem at molestie cursus. Suspendisse bibendum odio molestie porttitor euismod. Aliquam blandit lacus ac aliquet molestie. Donec tempus in sapien nec varius. Donec ut scelerisque velit. Curabitur accumsan ex sit amet erat euismod, a volutpat risus interdum. Nulla egestas lacus vel eros auctor volutpat. Nulla vehicula quam sed tortor mattis, ornare accumsan lectus sagittis. Aenean a ornare leo.<\/p>\t\t\t\t\t\t\t\t<\/div>\n\t\t\t\t<\/div>\n\t\t\t\t\t<\/div>\n\t\t<\/div>\n\t\t\t\t<div class=\"elementor-column elementor-col-33 elementor-top-column elementor-element elementor-element-3f5e324 animated-slow elementor-invisible\" data-id=\"3f5e324\" data-element_type=\"column\" data-e-type=\"column\" data-settings=\"{&quot;animation&quot;:&quot;fadeInLeft&quot;,&quot;animation_mobile&quot;:&quot;none&quot;}\">\n\t\t\t<div class=\"elementor-widget-wrap elementor-element-populated\">\n\t\t\t\t\t\t<div class=\"elementor-element elementor-element-b073232 elementor-widget elementor-widget-image\" data-id=\"b073232\" data-element_type=\"widget\" data-e-type=\"widget\" data-widget_type=\"image.default\">\n\t\t\t\t<div class=\"elementor-widget-container\">\n\t\t\t\t\t\t\t\t\t\t\t\t\t\t\t<img decoding=\"async\" width=\"522\" height=\"699\" src=\"https:\/\/templates.hostlix.pl\/projektowanie-wnetrz\/wp-content\/uploads\/2020\/03\/studio-colors-frame-01.png\" class=\"attachment-large size-large wp-image-238\" alt=\"studio colors\" srcset=\"https:\/\/templates.hostlix.pl\/projektowanie-wnetrz\/wp-content\/uploads\/2020\/03\/studio-colors-frame-01.png 522w, https:\/\/templates.hostlix.pl\/projektowanie-wnetrz\/wp-content\/uploads\/2020\/03\/studio-colors-frame-01-224x300.png 224w\" sizes=\"(max-width: 522px) 100vw, 522px\" \/>\t\t\t\t\t\t\t\t\t\t\t\t\t\t\t<\/div>\n\t\t\t\t<\/div>\n\t\t\t\t\t<\/div>\n\t\t<\/div>\n\t\t\t\t\t<\/div>\n\t\t<\/section>\n\t\t\t\t<section class=\"elementor-section elementor-top-section elementor-element elementor-element-ff4bd38 elementor-section-boxed elementor-section-height-default elementor-section-height-default\" data-id=\"ff4bd38\" data-element_type=\"section\" data-e-type=\"section\" data-settings=\"{&quot;background_background&quot;:&quot;classic&quot;}\">\n\t\t\t\t\t\t<div class=\"elementor-container elementor-column-gap-default\">\n\t\t\t\t\t<div class=\"elementor-column elementor-col-50 elementor-top-column elementor-element elementor-element-4322d0f\" data-id=\"4322d0f\" data-element_type=\"column\" data-e-type=\"column\" data-settings=\"{&quot;background_background&quot;:&quot;classic&quot;}\">\n\t\t\t<div class=\"elementor-widget-wrap elementor-element-populated\">\n\t\t\t\t\t\t<div class=\"elementor-element elementor-element-af07f6b elementor-widget elementor-widget-heading\" data-id=\"af07f6b\" data-element_type=\"widget\" data-e-type=\"widget\" data-widget_type=\"heading.default\">\n\t\t\t\t<div class=\"elementor-widget-container\">\n\t\t\t\t\t<h2 class=\"elementor-heading-title elementor-size-default\">Solidnie zrealizowany projekt<\/h2>\t\t\t\t<\/div>\n\t\t\t\t<\/div>\n\t\t\t\t<div class=\"elementor-element elementor-element-911fa4f elementor-widget-divider--view-line elementor-widget elementor-widget-divider\" data-id=\"911fa4f\" data-element_type=\"widget\" data-e-type=\"widget\" data-widget_type=\"divider.default\">\n\t\t\t\t<div class=\"elementor-widget-container\">\n\t\t\t\t\t\t\t<div class=\"elementor-divider\">\n\t\t\t<span class=\"elementor-divider-separator\">\n\t\t\t\t\t\t<\/span>\n\t\t<\/div>\n\t\t\t\t\t\t<\/div>\n\t\t\t\t<\/div>\n\t\t\t\t<div class=\"elementor-element elementor-element-ef79b5a elementor-widget elementor-widget-heading\" data-id=\"ef79b5a\" data-element_type=\"widget\" data-e-type=\"widget\" data-widget_type=\"heading.default\">\n\t\t\t\t<div class=\"elementor-widget-container\">\n\t\t\t\t\t<h2 class=\"elementor-heading-title elementor-size-default\">Dzi\u0119ki zaufanej ekipie remontowej<\/h2>\t\t\t\t<\/div>\n\t\t\t\t<\/div>\n\t\t\t\t<div class=\"elementor-element elementor-element-266c80b elementor-widget elementor-widget-heading\" data-id=\"266c80b\" data-element_type=\"widget\" data-e-type=\"widget\" data-widget_type=\"heading.default\">\n\t\t\t\t<div class=\"elementor-widget-container\">\n\t\t\t\t\t<h4 class=\"elementor-heading-title elementor-size-default\">Nie wiesz na kt\u00f3rych fachowc\u00f3w mo\u017cesz liczy\u0107?\n<br>\n<br>\nGwarantujemy Pa\u0144stwu fachow\u0105 renowacj\u0119 wn\u0119trz <b><br>z ekip\u0105 Studio Colors!<\/b><\/h4>\t\t\t\t<\/div>\n\t\t\t\t<\/div>\n\t\t\t\t<div class=\"elementor-element elementor-element-232333d elementor-widget elementor-widget-image\" data-id=\"232333d\" data-element_type=\"widget\" data-e-type=\"widget\" data-widget_type=\"image.default\">\n\t\t\t\t<div class=\"elementor-widget-container\">\n\t\t\t\t\t\t\t\t\t\t\t\t\t\t\t<img loading=\"lazy\" decoding=\"async\" width=\"200\" height=\"133\" src=\"https:\/\/templates.hostlix.pl\/projektowanie-wnetrz\/wp-content\/uploads\/2020\/03\/ekipa-remontowa.png\" class=\"attachment-large size-large wp-image-198\" alt=\"\" \/>\t\t\t\t\t\t\t\t\t\t\t\t\t\t\t<\/div>\n\t\t\t\t<\/div>\n\t\t\t\t\t<\/div>\n\t\t<\/div>\n\t\t\t\t<div class=\"elementor-column elementor-col-50 elementor-top-column elementor-element elementor-element-e27a69c elementor-invisible\" data-id=\"e27a69c\" data-element_type=\"column\" data-e-type=\"column\" data-settings=\"{&quot;background_background&quot;:&quot;classic&quot;,&quot;animation&quot;:&quot;fadeInLeft&quot;,&quot;animation_mobile&quot;:&quot;none&quot;}\">\n\t\t\t<div class=\"elementor-widget-wrap elementor-element-populated\">\n\t\t\t\t\t\t<section class=\"elementor-section elementor-inner-section elementor-element elementor-element-ee7e739 elementor-section-boxed elementor-section-height-default elementor-section-height-default\" data-id=\"ee7e739\" data-element_type=\"section\" data-e-type=\"section\">\n\t\t\t\t\t\t<div class=\"elementor-container elementor-column-gap-default\">\n\t\t\t\t\t<div class=\"elementor-column elementor-col-50 elementor-inner-column elementor-element elementor-element-f5f0153\" data-id=\"f5f0153\" data-element_type=\"column\" data-e-type=\"column\">\n\t\t\t<div class=\"elementor-widget-wrap\">\n\t\t\t\t\t\t\t<\/div>\n\t\t<\/div>\n\t\t\t\t<div class=\"elementor-column elementor-col-50 elementor-inner-column elementor-element elementor-element-b66dd15 animated-slow elementor-invisible\" data-id=\"b66dd15\" data-element_type=\"column\" data-e-type=\"column\" data-settings=\"{&quot;background_background&quot;:&quot;classic&quot;,&quot;animation&quot;:&quot;fadeInUp&quot;,&quot;animation_delay&quot;:500,&quot;animation_mobile&quot;:&quot;fadeIn&quot;}\">\n\t\t\t<div class=\"elementor-widget-wrap elementor-element-populated\">\n\t\t\t\t\t<div class=\"elementor-background-overlay\"><\/div>\n\t\t\t\t\t\t<div class=\"elementor-element elementor-element-8d97cbb elementor-widget elementor-widget-heading\" data-id=\"8d97cbb\" data-element_type=\"widget\" data-e-type=\"widget\" data-widget_type=\"heading.default\">\n\t\t\t\t<div class=\"elementor-widget-container\">\n\t\t\t\t\t<h2 class=\"elementor-heading-title elementor-size-default\">Od koncepcji do stworzenia<\/h2>\t\t\t\t<\/div>\n\t\t\t\t<\/div>\n\t\t\t\t<div class=\"elementor-element elementor-element-c0fe71f elementor-widget-divider--view-line elementor-widget elementor-widget-divider\" data-id=\"c0fe71f\" data-element_type=\"widget\" data-e-type=\"widget\" data-widget_type=\"divider.default\">\n\t\t\t\t<div class=\"elementor-widget-container\">\n\t\t\t\t\t\t\t<div class=\"elementor-divider\">\n\t\t\t<span class=\"elementor-divider-separator\">\n\t\t\t\t\t\t<\/span>\n\t\t<\/div>\n\t\t\t\t\t\t<\/div>\n\t\t\t\t<\/div>\n\t\t\t\t<div class=\"elementor-element elementor-element-f0b2a57 elementor-widget elementor-widget-heading\" data-id=\"f0b2a57\" data-element_type=\"widget\" data-e-type=\"widget\" data-widget_type=\"heading.default\">\n\t\t\t\t<div class=\"elementor-widget-container\">\n\t\t\t\t\t<h2 class=\"elementor-heading-title elementor-size-default\">Meble na wymiar<\/h2>\t\t\t\t<\/div>\n\t\t\t\t<\/div>\n\t\t\t\t<div class=\"elementor-element elementor-element-6ee8b2b elementor-widget elementor-widget-heading\" data-id=\"6ee8b2b\" data-element_type=\"widget\" data-e-type=\"widget\" data-widget_type=\"heading.default\">\n\t\t\t\t<div class=\"elementor-widget-container\">\n\t\t\t\t\t<h4 class=\"elementor-heading-title elementor-size-default\">Nasza zaprzyja\u017aniona firma stolarska dopasuje dla Pa\u0144stwa meble kuchenne jak i szafy wn\u0119kowe w najlepszym stylu i wysokiej jako\u015bci.<\/h4>\t\t\t\t<\/div>\n\t\t\t\t<\/div>\n\t\t\t\t\t<\/div>\n\t\t<\/div>\n\t\t\t\t\t<\/div>\n\t\t<\/section>\n\t\t\t\t<section class=\"elementor-section elementor-inner-section elementor-element elementor-element-e0fa81f elementor-section-boxed elementor-section-height-default elementor-section-height-default\" data-id=\"e0fa81f\" data-element_type=\"section\" data-e-type=\"section\">\n\t\t\t\t\t\t<div class=\"elementor-container elementor-column-gap-default\">\n\t\t\t\t\t\t<\/div>\n\t\t<\/section>\n\t\t\t\t\t<\/div>\n\t\t<\/div>\n\t\t\t\t\t<\/div>\n\t\t<\/section>\n\t\t\t\t<\/div>\n\t\t","protected":false},"excerpt":{"rendered":"<p>Studio Colors O firmie Kreatywne i stylowe pomys\u0142y Z rado\u015bci\u0105 witam Pa\u0144stwa w Studio Colors, gdzie dostarczamy inspiruj\u0105ce aran\u017cacje wn\u0119trz, zaprojektowane na najwy\u017cszym poziomie. Nasze pomys\u0142y odzwierciedl\u0105 Tw\u00f3j styl, w pe\u0142ni wykorzystuj\u0105c powierzchni\u0119 mieszkaniow\u0105. Pozw\u00f3l, \u017ce spe\u0142nimy Twoje marzenia! Nasza historia Lorem ipsum dolor sit amet, consectetur adipiscing elit. Nam at nibh in libero efficitur [&hellip;]<\/p>\n","protected":false},"author":1,"featured_media":0,"parent":0,"menu_order":0,"comment_status":"closed","ping_status":"closed","template":"","meta":{"inline_featured_image":false,"footnotes":""},"class_list":["post-14","page","type-page","status-publish","hentry"],"_links":{"self":[{"href":"https:\/\/templates.hostlix.pl\/projektowanie-wnetrz\/wp-json\/wp\/v2\/pages\/14"}],"collection":[{"href":"https:\/\/templates.hostlix.pl\/projektowanie-wnetrz\/wp-json\/wp\/v2\/pages"}],"about":[{"href":"https:\/\/templates.hostlix.pl\/projektowanie-wnetrz\/wp-json\/wp\/v2\/types\/page"}],"author":[{"embeddable":true,"href":"https:\/\/templates.hostlix.pl\/projektowanie-wnetrz\/wp-json\/wp\/v2\/users\/1"}],"replies":[{"embeddable":true,"href":"https:\/\/templates.hostlix.pl\/projektowanie-wnetrz\/wp-json\/wp\/v2\/comments?post=14"}],"version-history":[{"count":16,"href":"https:\/\/templates.hostlix.pl\/projektowanie-wnetrz\/wp-json\/wp\/v2\/pages\/14\/revisions"}],"predecessor-version":[{"id":303,"href":"https:\/\/templates.hostlix.pl\/projektowanie-wnetrz\/wp-json\/wp\/v2\/pages\/14\/revisions\/303"}],"wp:attachment":[{"href":"https:\/\/templates.hostlix.pl\/projektowanie-wnetrz\/wp-json\/wp\/v2\/media?parent=14"}],"curies":[{"name":"wp","href":"https:\/\/api.w.org\/{rel}","templated":true}]}}